{"id":1355,"date":"2025-11-22T14:20:35","date_gmt":"2025-11-22T14:20:35","guid":{"rendered":"https:\/\/punazvicer.com\/?page_id=1355"},"modified":"2025-12-13T20:33:20","modified_gmt":"2025-12-13T20:33:20","slug":"termat-dhe-kushtet","status":"publish","type":"page","link":"https:\/\/punazvicer.com\/en\/termat-dhe-kushtet\/","title":{"rendered":"Terms and Conditions"},"content":{"rendered":"<p>[et_pb_section fb_built=&#8221;1&#8243; _builder_version=&#8221;4.27.4&#8243; _module_preset=&#8221;default&#8221; custom_padding=&#8221;||91px|||&#8221; global_colors_info=&#8221;{}&#8221;][et_pb_row _builder_version=&#8221;4.27.4&#8243; _module_preset=&#8221;default&#8221; custom_margin=&#8221;|auto|7px|auto||&#8221; global_colors_info=&#8221;{}&#8221;][et_pb_column type=&#8221;4_4&#8243; _builder_version=&#8221;4.27.4&#8243; _module_preset=&#8221;default&#8221; global_colors_info=&#8221;{}&#8221;][et_pb_text _builder_version=&#8221;4.27.4&#8243; _module_preset=&#8221;default&#8221; text_font=&#8221;&#8211;et_global_heading_font||||||||&#8221; text_text_color=&#8221;#000000&#8243; text_font_size=&#8221;15px&#8221; header_font=&#8221;&#8211;et_global_heading_font||||||||&#8221; global_colors_info=&#8221;{}&#8221;]<\/p>\n<h2 data-start=\"350\" data-end=\"389\"><strong data-start=\"352\" data-end=\"387\">KUSHTET DHE AFATET E P\u00cbRDORIMIT<\/strong><\/h2>\n<p data-start=\"390\" data-end=\"408\"><strong data-start=\"390\" data-end=\"408\">PunaZvicer.com<\/strong><\/p>\n<p data-start=\"410\" data-end=\"444\"><strong data-start=\"410\" data-end=\"444\">P\u00ebrdit\u00ebsuar m\u00eb: [vendos dat\u00ebn]<\/strong><\/p>\n<p data-start=\"446\" data-end=\"639\">Ju lutemi lexoni me kujdes k\u00ebto Kushte dhe Afate t\u00eb P\u00ebrdorimit (\u201cKushtet\u201d) para se t\u00eb p\u00ebrdorni platform\u00ebn <strong data-start=\"552\" data-end=\"570\">PunaZvicer.com<\/strong>. Duke hyr\u00eb ose duke p\u00ebrdorur sh\u00ebrbimet tona, ju pranoni k\u00ebto Kushte.<\/p>\n<hr data-start=\"641\" data-end=\"644\" \/>\n<h3 data-start=\"646\" data-end=\"676\"><strong data-start=\"649\" data-end=\"676\">1. Q\u00ebllimi i Platform\u00ebs<\/strong><\/h3>\n<p data-start=\"677\" data-end=\"923\">PunaZvicer.com \u00ebsht\u00eb nj\u00eb portal online q\u00eb lidh pun\u00ebdh\u00ebn\u00ebsit dhe pun\u00ebk\u00ebrkuesit, duke ofruar mund\u00ebsin\u00eb e publikimit t\u00eb njoftimeve t\u00eb pun\u00ebs dhe aplikimit p\u00ebr pun\u00eb. Ne nuk jemi pun\u00ebdh\u00ebn\u00ebs dhe nuk marrim pjes\u00eb n\u00eb marr\u00ebveshjet e pun\u00ebsimit midis pal\u00ebve.<\/p>\n<hr data-start=\"925\" data-end=\"928\" \/>\n<h3 data-start=\"930\" data-end=\"961\"><strong data-start=\"933\" data-end=\"961\">2. P\u00ebrdorimi i Llogaris\u00eb<\/strong><\/h3>\n<ul data-start=\"962\" data-end=\"1196\">\n<li data-start=\"962\" data-end=\"1030\">\n<p data-start=\"964\" data-end=\"1030\">P\u00ebr t\u00eb p\u00ebrdorur disa funksione, k\u00ebrkohet krijimi i nj\u00eb llogarie.<\/p>\n<\/li>\n<li data-start=\"1031\" data-end=\"1114\">\n<p data-start=\"1033\" data-end=\"1114\">Ju jeni p\u00ebrgjegj\u00ebs p\u00ebr ruajtjen e fjal\u00ebkalimit dhe informacionit tuaj personal.<\/p>\n<\/li>\n<li data-start=\"1115\" data-end=\"1196\">\n<p data-start=\"1117\" data-end=\"1196\">\u00c7do aktivitet i kryer nga llogaria juaj konsiderohet si i autorizuar prej jush.<\/p>\n<\/li>\n<\/ul>\n<hr data-start=\"1198\" data-end=\"1201\" \/>\n<h3 data-start=\"1203\" data-end=\"1236\"><strong data-start=\"1206\" data-end=\"1236\">3. Detyrimet e P\u00ebrdoruesve<\/strong><\/h3>\n<p data-start=\"1237\" data-end=\"1349\">P\u00ebrdoruesit duhet t\u00eb garantojn\u00eb se informacioni i ofruar \u00ebsht\u00eb i sakt\u00eb, i plot\u00eb dhe i p\u00ebrdit\u00ebsuar.<br data-start=\"1335\" data-end=\"1338\" \/>Ndalohet:<\/p>\n<ul data-start=\"1350\" data-end=\"1559\">\n<li data-start=\"1350\" data-end=\"1418\">\n<p data-start=\"1352\" data-end=\"1418\">publikimi i p\u00ebrmbajtjeve t\u00eb rreme, mashtruese ose t\u00eb paligjshme;<\/p>\n<\/li>\n<li data-start=\"1419\" data-end=\"1501\">\n<p data-start=\"1421\" data-end=\"1501\">keqp\u00ebrdorimi i sistemit p\u00ebr spam, mashtrim apo aktivitete t\u00eb tjera t\u00eb d\u00ebmshme;<\/p>\n<\/li>\n<li data-start=\"1502\" data-end=\"1559\">\n<p data-start=\"1504\" data-end=\"1559\">ngarkimi i materialeve q\u00eb cenojn\u00eb t\u00eb drejtat e autorit.<\/p>\n<\/li>\n<\/ul>\n<hr data-start=\"1561\" data-end=\"1564\" \/>\n<h3 data-start=\"1566\" data-end=\"1602\"><strong data-start=\"1569\" data-end=\"1602\">4. Sh\u00ebrbimet p\u00ebr Pun\u00ebdh\u00ebn\u00ebsit<\/strong><\/h3>\n<p data-start=\"1603\" data-end=\"1626\">Pun\u00ebdh\u00ebn\u00ebsit mund t\u00eb:<\/p>\n<ul data-start=\"1627\" data-end=\"1708\">\n<li data-start=\"1627\" data-end=\"1656\">\n<p data-start=\"1629\" data-end=\"1656\">publikojn\u00eb njoftime pune;<\/p>\n<\/li>\n<li data-start=\"1657\" data-end=\"1682\">\n<p data-start=\"1659\" data-end=\"1682\">menaxhojn\u00eb aplikimet;<\/p>\n<\/li>\n<li data-start=\"1683\" data-end=\"1708\">\n<p data-start=\"1685\" data-end=\"1708\">kontaktojn\u00eb kandidat\u00ebt.<\/p>\n<\/li>\n<\/ul>\n<p data-start=\"1710\" data-end=\"1845\">Pun\u00ebdh\u00ebn\u00ebsi \u00ebsht\u00eb plot\u00ebsisht p\u00ebrgjegj\u00ebs p\u00ebr p\u00ebrmbajtjen e njoftimeve t\u00eb pun\u00ebs, sakt\u00ebsin\u00eb e informacionit dhe ligjshm\u00ebrin\u00eb e \u00e7do oferte.<\/p>\n<hr data-start=\"1847\" data-end=\"1850\" \/>\n<h3 data-start=\"1852\" data-end=\"1889\"><strong data-start=\"1855\" data-end=\"1889\">5. Sh\u00ebrbimet p\u00ebr Pun\u00ebk\u00ebrkuesit<\/strong><\/h3>\n<p data-start=\"1890\" data-end=\"1914\">Pun\u00ebk\u00ebrkuesit mund t\u00eb:<\/p>\n<ul data-start=\"1915\" data-end=\"2021\">\n<li data-start=\"1915\" data-end=\"1935\">\n<p data-start=\"1917\" data-end=\"1935\">krijojn\u00eb profil;<\/p>\n<\/li>\n<li data-start=\"1936\" data-end=\"1979\">\n<p data-start=\"1938\" data-end=\"1979\">aplikojn\u00eb p\u00ebr vende pune t\u00eb publikuara;<\/p>\n<\/li>\n<li data-start=\"1980\" data-end=\"2021\">\n<p data-start=\"1982\" data-end=\"2021\">ngarkojn\u00eb CV-n\u00eb dhe dokumente t\u00eb tjera.<\/p>\n<\/li>\n<\/ul>\n<p data-start=\"2023\" data-end=\"2107\">PunaZvicer.com nuk garanton pun\u00ebsim, afate pun\u00ebsimi apo kushtet e ofertave t\u00eb pun\u00ebs.<\/p>\n<hr data-start=\"2109\" data-end=\"2112\" \/>\n<h3 data-start=\"2114\" data-end=\"2151\"><strong data-start=\"2117\" data-end=\"2151\">6. P\u00ebrgjegj\u00ebsit\u00eb dhe Kufizimet<\/strong><\/h3>\n<ul data-start=\"2152\" data-end=\"2543\">\n<li data-start=\"2152\" data-end=\"2299\">\n<p data-start=\"2154\" data-end=\"2299\">Platforma jon\u00eb funksionon si nd\u00ebrmjet\u00ebs informativ dhe nuk merr p\u00ebrgjegj\u00ebsi p\u00ebr marr\u00ebdh\u00ebniet kontraktuale midis pun\u00ebdh\u00ebn\u00ebsve dhe pun\u00ebk\u00ebrkuesve.<\/p>\n<\/li>\n<li data-start=\"2300\" data-end=\"2467\">\n<p data-start=\"2302\" data-end=\"2467\">Ne nuk mbajm\u00eb p\u00ebrgjegj\u00ebsi p\u00ebr d\u00ebme q\u00eb rrjedhin nga: informacion i pasakt\u00eb i postuar nga pal\u00ebt, mosmarr\u00ebveshje kontraktuale, mashtrime ose komunikime t\u00eb paligjshme.<\/p>\n<\/li>\n<li data-start=\"2468\" data-end=\"2543\">\n<p data-start=\"2470\" data-end=\"2543\">Sh\u00ebrbimet ofrohen \u201cas is\u201d pa garanci t\u00eb drejtp\u00ebrdrejt\u00eb ose t\u00eb n\u00ebnkuptuar.<\/p>\n<\/li>\n<\/ul>\n<hr data-start=\"2545\" data-end=\"2548\" \/>\n<h3 data-start=\"2550\" data-end=\"2595\"><strong data-start=\"2553\" data-end=\"2595\">7. Pagesat dhe Abonimet (n\u00ebse aplikon)<\/strong><\/h3>\n<p data-start=\"2596\" data-end=\"2649\">Disa sh\u00ebrbime t\u00eb platform\u00ebs mund t\u00eb jen\u00eb me pages\u00eb.<\/p>\n<ul data-start=\"2650\" data-end=\"2849\">\n<li data-start=\"2650\" data-end=\"2693\">\n<p data-start=\"2652\" data-end=\"2693\">Pagesat jan\u00eb t\u00eb pagueshme paraprakisht.<\/p>\n<\/li>\n<li data-start=\"2694\" data-end=\"2744\">\n<p data-start=\"2696\" data-end=\"2744\">\u00c7mimet mund t\u00eb ndryshojn\u00eb me njoftim paraprak.<\/p>\n<\/li>\n<li data-start=\"2745\" data-end=\"2849\">\n<p data-start=\"2747\" data-end=\"2849\">Pagesat e kryera nuk jan\u00eb t\u00eb rimbursueshme, p\u00ebrve\u00e7 rasteve t\u00eb parashikuara n\u00eb politik\u00ebn e rimbursimit.<\/p>\n<\/li>\n<\/ul>\n<hr data-start=\"2851\" data-end=\"2854\" \/>\n<h3 data-start=\"2856\" data-end=\"2902\"><strong data-start=\"2859\" data-end=\"2902\">8. Privat\u00ebsia dhe Mbrojtja e t\u00eb Dh\u00ebnave<\/strong><\/h3>\n<p data-start=\"2903\" data-end=\"3124\">P\u00ebrdorimi i platform\u00ebs rregullohet nga <strong data-start=\"2942\" data-end=\"2968\">Politika e Privat\u00ebsis\u00eb<\/strong>, e cila shpjegon m\u00ebnyr\u00ebn e mbledhjes dhe p\u00ebrpunimit t\u00eb t\u00eb dh\u00ebnave.<br data-start=\"3035\" data-end=\"3038\" \/>Duke p\u00ebrdorur sh\u00ebrbimet tona, ju pranoni p\u00ebrpunimin e t\u00eb dh\u00ebnave sipas k\u00ebsaj politike.<\/p>\n<hr data-start=\"3126\" data-end=\"3129\" \/>\n<h3 data-start=\"3131\" data-end=\"3162\"><strong data-start=\"3134\" data-end=\"3162\">9. Pron\u00ebsia Intelektuale<\/strong><\/h3>\n<p data-start=\"3163\" data-end=\"3344\">T\u00eb gjitha materialet, logot, dizajni dhe p\u00ebrmbajtjet e PunaZvicer.com jan\u00eb t\u00eb mbrojtura nga ligjet e t\u00eb drejtave t\u00eb autorit.<br data-start=\"3287\" data-end=\"3290\" \/>Ndalohet riprodhimi ose shp\u00ebrndarja pa leje e shkruar.<\/p>\n<hr data-start=\"3346\" data-end=\"3349\" \/>\n<h3 data-start=\"3351\" data-end=\"3395\"><strong data-start=\"3354\" data-end=\"3395\">10. Pezullimi ose Mbyllja e Llogaris\u00eb<\/strong><\/h3>\n<p data-start=\"3396\" data-end=\"3524\">Ne rezervojm\u00eb t\u00eb drejt\u00ebn t\u00eb pezullojm\u00eb ose mbyllim llogarin\u00eb e \u00e7do p\u00ebrdoruesi q\u00eb shkel Kushtet ose kryen aktivitete t\u00eb dyshimta.<\/p>\n<hr data-start=\"3526\" data-end=\"3529\" \/>\n<h3 data-start=\"3531\" data-end=\"3563\"><strong data-start=\"3534\" data-end=\"3563\">11. Ndryshimet e Kushteve<\/strong><\/h3>\n<p data-start=\"3564\" data-end=\"3677\">Ne mund t\u2019i p\u00ebrdit\u00ebsojm\u00eb k\u00ebto Kushte n\u00eb \u00e7do koh\u00eb. Ndryshimet publikohen n\u00eb k\u00ebt\u00eb faqe dhe hyjn\u00eb n\u00eb fuqi menj\u00ebher\u00eb.<\/p>\n<p>[\/et_pb_text][\/et_pb_column][\/et_pb_row][\/et_pb_section][et_pb_section fb_built=&#8221;1&#8243; _builder_version=&#8221;4.27.4&#8243; _module_preset=&#8221;default&#8221; custom_padding=&#8221;0px||6px|||&#8221; bottom_divider_style=&#8221;curve&#8221; bottom_divider_color=&#8221;#012353&#8243; global_colors_info=&#8221;{}&#8221;][et_pb_row _builder_version=&#8221;4.27.4&#8243; _module_preset=&#8221;default&#8221; custom_padding=&#8221;0px||0px|||&#8221; global_colors_info=&#8221;{}&#8221;][et_pb_column type=&#8221;4_4&#8243; _builder_version=&#8221;4.27.4&#8243; _module_preset=&#8221;default&#8221; global_colors_info=&#8221;{}&#8221;][\/et_pb_column][\/et_pb_row][\/et_pb_section][et_pb_section fb_built=&#8221;1&#8243; disabled_on=&#8221;off|off|off&#8221; _builder_version=&#8221;4.27.4&#8243; _module_preset=&#8221;default&#8221; background_color=&#8221;#012353&#8243; min_height=&#8221;291.2px&#8221; custom_margin=&#8221;||2px||false|false&#8221; custom_padding=&#8221;20px||2px||false|false&#8221; global_colors_info=&#8221;{}&#8221; theme_builder_area=&#8221;post_content&#8221;][et_pb_row column_structure=&#8221;1_3,1_3,1_3&#8243; _builder_version=&#8221;4.27.4&#8243; _module_preset=&#8221;default&#8221; min_height=&#8221;258.2px&#8221; custom_margin=&#8221;-12px|auto|4px|auto||&#8221; custom_padding=&#8221;67px||31px|||&#8221; global_colors_info=&#8221;{}&#8221; theme_builder_area=&#8221;post_content&#8221;][et_pb_column type=&#8221;1_3&#8243; _builder_version=&#8221;4.27.4&#8243; _module_preset=&#8221;default&#8221; global_colors_info=&#8221;{}&#8221; theme_builder_area=&#8221;post_content&#8221;][et_pb_image src=&#8221;https:\/\/punazvicer.com\/wp-content\/uploads\/2025\/11\/IMG_4518.jpg&#8221; title_text=&#8221;IMG_4518&#8243; align=&#8221;center&#8221; _builder_version=&#8221;4.27.4&#8243; _module_preset=&#8221;default&#8221; width=&#8221;100%&#8221; max_width=&#8221;65%&#8221; module_alignment=&#8221;center&#8221; max_height=&#8221;1000px&#8221; custom_margin=&#8221;2px|||||&#8221; border_radii=&#8221;on|20px|20px|20px|20px&#8221; box_shadow_style=&#8221;preset3&#8243; box_shadow_color=&#8221;#FFFFFF&#8221; global_colors_info=&#8221;{}&#8221; theme_builder_area=&#8221;post_content&#8221;][\/et_pb_image][\/et_pb_column][et_pb_column type=&#8221;1_3&#8243; _builder_version=&#8221;4.27.4&#8243; _module_preset=&#8221;default&#8221; global_colors_info=&#8221;{}&#8221; theme_builder_area=&#8221;post_content&#8221;][et_pb_text _builder_version=&#8221;4.27.4&#8243; _module_preset=&#8221;default&#8221; header_3_font=&#8221;&#8211;et_global_heading_font||||||||&#8221; header_3_text_color=&#8221;#FFFFFF&#8221; custom_margin=&#8221;-1px||||false|false&#8221; global_colors_info=&#8221;{}&#8221; theme_builder_area=&#8221;post_content&#8221;]<\/p>\n<h3 style=\"text-align: center;\"><a href=\"https:\/\/punazvicer.com\/\">Kreu<\/a><\/h3>\n<h3 style=\"text-align: center;\"><a href=\"https:\/\/punazvicer.com\/rreth-nesh\/\">Rreth Nesh<\/a><\/h3>\n<h3 style=\"text-align: center;\"><a href=\"https:\/\/punazvicer.com\/kontakte\/\">Kontakte<\/a><\/h3>\n<h3 style=\"text-align: center;\"><a href=\"https:\/\/punazvicer.com\/termat-dhe-kushtet\/\">Termat dhe Kushtet<\/a><\/h3>\n<h3 style=\"text-align: center;\"><a href=\"https:\/\/punazvicer.com\/si-funksionon\/\">Si Funksionon?<\/a><\/h3>\n<p>[\/et_pb_text][\/et_pb_column][et_pb_column type=&#8221;1_3&#8243; _builder_version=&#8221;4.27.4&#8243; _module_preset=&#8221;default&#8221; global_colors_info=&#8221;{}&#8221; theme_builder_area=&#8221;post_content&#8221;][et_pb_text disabled_on=&#8221;on|on|off&#8221; _builder_version=&#8221;4.27.4&#8243; _module_preset=&#8221;default&#8221; header_3_font=&#8221;&#8211;et_global_heading_font||||||||&#8221; header_3_text_color=&#8221;#FFFFFF&#8221; header_4_font=&#8221;&#8211;et_global_heading_font||||||||&#8221; header_4_text_color=&#8221;#FFFFFF&#8221; text_orientation=&#8221;center&#8221; custom_margin=&#8221;|||37px||&#8221; global_colors_info=&#8221;{}&#8221; theme_builder_area=&#8221;post_content&#8221;]<\/p>\n<h4 style=\"text-align: left;\"><span><img loading=\"lazy\" decoding=\"async\" src=\"https:\/\/punazvicer.com\/wp-content\/uploads\/2025\/11\/clock.png\" width=\"37\" height=\"37\" alt=\"\" class=\"wp-image-1042 alignnone size-full\" \/> Support 24 or\u00eb!<\/span><\/h4>\n<p>[\/et_pb_text][et_pb_text disabled_on=&#8221;on|on|off&#8221; _builder_version=&#8221;4.27.4&#8243; _module_preset=&#8221;default&#8221; header_3_font=&#8221;&#8211;et_global_heading_font||||||||&#8221; header_3_text_color=&#8221;#FFFFFF&#8221; header_4_font=&#8221;&#8211;et_global_heading_font||||||||&#8221; header_4_text_color=&#8221;#FFFFFF&#8221; text_orientation=&#8221;center&#8221; custom_margin=&#8221;|||0px||&#8221; custom_padding=&#8221;|||36px||&#8221; global_colors_info=&#8221;{}&#8221; theme_builder_area=&#8221;post_content&#8221;]<\/p>\n<h4 style=\"text-align: left;\"><span><img loading=\"lazy\" decoding=\"async\" src=\"https:\/\/punazvicer.com\/wp-content\/uploads\/2025\/11\/navigation.png\" width=\"43\" height=\"43\" alt=\"\" class=\"wp-image-80 alignnone size-full\" srcset=\"https:\/\/punazvicer.com\/wp-content\/uploads\/2025\/11\/navigation.png 256w, https:\/\/punazvicer.com\/wp-content\/uploads\/2025\/11\/navigation-150x150.png 150w, https:\/\/punazvicer.com\/wp-content\/uploads\/2025\/11\/navigation-100x100.png 100w, https:\/\/punazvicer.com\/wp-content\/uploads\/2025\/11\/navigation-12x12.png 12w\" sizes=\"(max-width: 43px) 100vw, 43px\" \/>Tirane, Albania<\/span><\/h4>\n<p>[\/et_pb_text][et_pb_text disabled_on=&#8221;off|off|on&#8221; _builder_version=&#8221;4.27.4&#8243; _module_preset=&#8221;default&#8221; header_3_font=&#8221;&#8211;et_global_heading_font||||||||&#8221; header_3_text_color=&#8221;#FFFFFF&#8221; header_4_font=&#8221;&#8211;et_global_heading_font||||||||&#8221; header_4_text_color=&#8221;#FFFFFF&#8221; text_orientation=&#8221;center&#8221; custom_margin=&#8221;||||false|false&#8221; custom_padding=&#8221;|||78px||&#8221; global_colors_info=&#8221;{}&#8221; theme_builder_area=&#8221;post_content&#8221;]<\/p>\n<h4 style=\"text-align: left;\"><span><img loading=\"lazy\" decoding=\"async\" src=\"https:\/\/punazvicer.com\/wp-content\/uploads\/2025\/11\/clock.png\" width=\"37\" height=\"37\" alt=\"\" class=\"wp-image-1042 alignnone size-full\" \/> Support 24 or\u00eb!<\/span><\/h4>\n<p>[\/et_pb_text][et_pb_text disabled_on=&#8221;off|off|on&#8221; _builder_version=&#8221;4.27.4&#8243; _module_preset=&#8221;default&#8221; header_3_font=&#8221;&#8211;et_global_heading_font||||||||&#8221; header_3_text_color=&#8221;#FFFFFF&#8221; header_4_font=&#8221;&#8211;et_global_heading_font||||||||&#8221; header_4_text_color=&#8221;#FFFFFF&#8221; text_orientation=&#8221;center&#8221; custom_margin=&#8221;||||false|false&#8221; custom_padding=&#8221;|||75px||&#8221; global_colors_info=&#8221;{}&#8221; theme_builder_area=&#8221;post_content&#8221;]<\/p>\n<h4 style=\"text-align: left;\"><span><img loading=\"lazy\" decoding=\"async\" src=\"https:\/\/punazvicer.com\/wp-content\/uploads\/2025\/11\/navigation.png\" width=\"42\" height=\"42\" alt=\"\" class=\"wp-image-80 alignnone size-full\" srcset=\"https:\/\/punazvicer.com\/wp-content\/uploads\/2025\/11\/navigation.png 256w, https:\/\/punazvicer.com\/wp-content\/uploads\/2025\/11\/navigation-150x150.png 150w, https:\/\/punazvicer.com\/wp-content\/uploads\/2025\/11\/navigation-100x100.png 100w, https:\/\/punazvicer.com\/wp-content\/uploads\/2025\/11\/navigation-12x12.png 12w\" sizes=\"(max-width: 42px) 100vw, 42px\" \/>Tirane, Albania<\/span><\/h4>\n<p>[\/et_pb_text][\/et_pb_column][\/et_pb_row][\/et_pb_section]<\/p>\n","protected":false},"excerpt":{"rendered":"<p>KUSHTET DHE AFATET E P\u00cbRDORIMIT PunaZvicer.com P\u00ebrdit\u00ebsuar m\u00eb: [vendos dat\u00ebn] Ju lutemi lexoni me kujdes k\u00ebto Kushte dhe Afate t\u00eb P\u00ebrdorimit (\u201cKushtet\u201d) para se t\u00eb p\u00ebrdorni platform\u00ebn PunaZvicer.com. Duke hyr\u00eb ose duke p\u00ebrdorur sh\u00ebrbimet tona, ju pranoni k\u00ebto Kushte. 1. Q\u00ebllimi i Platform\u00ebs PunaZvicer.com \u00ebsht\u00eb nj\u00eb portal online q\u00eb lidh pun\u00ebdh\u00ebn\u00ebsit dhe pun\u00ebk\u00ebrkuesit, duke ofruar [&hellip;]<\/p>\n","protected":false},"author":1,"featured_media":0,"parent":0,"menu_order":0,"comment_status":"closed","ping_status":"closed","template":"","meta":{"_et_pb_use_builder":"on","_et_pb_old_content":"<!-- wp:divi\/placeholder \/-->","_et_gb_content_width":"","_joinchat":[],"footnotes":""},"class_list":["post-1355","page","type-page","status-publish","hentry"],"aioseo_notices":[],"_links":{"self":[{"href":"https:\/\/punazvicer.com\/en\/wp-json\/wp\/v2\/pages\/1355","targetHints":{"allow":["GET"]}}],"collection":[{"href":"https:\/\/punazvicer.com\/en\/wp-json\/wp\/v2\/pages"}],"about":[{"href":"https:\/\/punazvicer.com\/en\/wp-json\/wp\/v2\/types\/page"}],"author":[{"embeddable":true,"href":"https:\/\/punazvicer.com\/en\/wp-json\/wp\/v2\/users\/1"}],"replies":[{"embeddable":true,"href":"https:\/\/punazvicer.com\/en\/wp-json\/wp\/v2\/comments?post=1355"}],"version-history":[{"count":7,"href":"https:\/\/punazvicer.com\/en\/wp-json\/wp\/v2\/pages\/1355\/revisions"}],"predecessor-version":[{"id":2225,"href":"https:\/\/punazvicer.com\/en\/wp-json\/wp\/v2\/pages\/1355\/revisions\/2225"}],"wp:attachment":[{"href":"https:\/\/punazvicer.com\/en\/wp-json\/wp\/v2\/media?parent=1355"}],"curies":[{"name":"wp","href":"https:\/\/api.w.org\/{rel}","templated":true}]}}