{"id":2040,"date":"2025-12-08T17:13:59","date_gmt":"2025-12-08T17:13:59","guid":{"rendered":"https:\/\/punazvicer.com\/?page_id=2040"},"modified":"2025-12-13T20:33:22","modified_gmt":"2025-12-13T20:33:22","slug":"si-funksionon","status":"publish","type":"page","link":"https:\/\/punazvicer.com\/en\/si-funksionon\/","title":{"rendered":"Si Funksionon"},"content":{"rendered":"<p>[et_pb_section fb_built=&#8221;1&#8243; _builder_version=&#8221;4.27.4&#8243; _module_preset=&#8221;default&#8221; custom_padding=&#8221;||44px|||&#8221; top_divider_style=&#8221;wave&#8221; top_divider_color=&#8221;#012353&#8243; top_divider_height=&#8221;60px&#8221; global_colors_info=&#8221;{}&#8221;][et_pb_row _builder_version=&#8221;4.27.4&#8243; _module_preset=&#8221;default&#8221; custom_padding=&#8221;||43px|||&#8221; global_colors_info=&#8221;{}&#8221;][et_pb_column type=&#8221;4_4&#8243; _builder_version=&#8221;4.27.4&#8243; _module_preset=&#8221;default&#8221; global_colors_info=&#8221;{}&#8221;][et_pb_text _builder_version=&#8221;4.27.4&#8243; _module_preset=&#8221;default&#8221; text_font=&#8221;Jost||||||||&#8221; text_text_color=&#8221;#000000&#8243; text_font_size=&#8221;16px&#8221; header_2_font=&#8221;&#8211;et_global_heading_font|600|||||||&#8221; global_colors_info=&#8221;{}&#8221;]<\/p>\n<h2>SI FUNKSIONON KY SISTEM ?<\/h2>\n<p>&nbsp;<\/p>\n<p data-start=\"68\" data-end=\"220\">\u2460 <strong data-start=\"70\" data-end=\"89\">Krijo Njoftimin<\/strong><br data-start=\"89\" data-end=\"92\" \/>Plot\u00ebsoni formularin me detajet e pun\u00ebs q\u00eb ofroni (pozicioni, orari, vendndodhja, k\u00ebrkesat,..). Proces i thjesht\u00eb dhe i shpejt\u00eb.<\/p>\n<p data-start=\"222\" data-end=\"372\">\u2461 <strong data-start=\"224\" data-end=\"255\">Paguaj Tarif\u00ebn e Publikimit<\/strong><br data-start=\"255\" data-end=\"258\" \/>Pas p\u00ebrfundimit t\u00eb njoftimit, b\u00ebni pages\u00ebn p\u00ebr ta publikuar.<br data-start=\"318\" data-end=\"321\" \/>Pagesa kryhet online dhe \u00ebsht\u00eb plot\u00ebsisht e sigurt.<\/p>\n<p data-start=\"374\" data-end=\"507\">\u2462 <strong data-start=\"376\" data-end=\"404\">Publikimi i Menj\u00ebhersh\u00ebm<\/strong><br data-start=\"404\" data-end=\"407\" \/>Njoftimi juaj shfaqet menj\u00ebher\u00eb n\u00eb portal dhe \u00ebsht\u00eb i duksh\u00ebm p\u00ebr t\u00eb gjith\u00eb pun\u00ebk\u00ebrkuesit shqiptar\u00eb.<\/p>\n<p data-start=\"509\" data-end=\"671\">\u2463 <strong data-start=\"511\" data-end=\"547\">Kandidat\u00ebt Ju Kontaktojn\u00eb Direkt<\/strong><br data-start=\"547\" data-end=\"550\" \/>Pun\u00ebk\u00ebrkuesit mund t\u00eb shohin t\u00eb gjitha njoftimet falas dhe ju kontaktojn\u00eb menj\u00ebher\u00eb, pa nd\u00ebrmjet\u00ebsim dhe pa kosto shtes\u00eb.<\/p>\n<p data-start=\"673\" data-end=\"819\">\u2464 <strong data-start=\"675\" data-end=\"704\">Zgjidhni Personin e Duhur<\/strong><br data-start=\"704\" data-end=\"707\" \/>Ju vendosni k\u00eb ofroni n\u00eb pun\u00eb. Portali thjeshton procesin, nd\u00ebrsa vendimmarrja mbetet plot\u00ebsisht n\u00eb duart tuaja.<\/p>\n<p>[\/et_pb_text][\/et_pb_column][\/et_pb_row][\/et_pb_section][et_pb_section fb_built=&#8221;1&#8243; next_background_color=&#8221;#012353&#8243; _builder_version=&#8221;4.27.4&#8243; _module_preset=&#8221;default&#8221; custom_padding=&#8221;0px||6px|||&#8221; bottom_divider_style=&#8221;curve&#8221; global_colors_info=&#8221;{}&#8221;][et_pb_row _builder_version=&#8221;4.27.4&#8243; _module_preset=&#8221;default&#8221; custom_padding=&#8221;0px||0px|||&#8221; global_colors_info=&#8221;{}&#8221;][et_pb_column type=&#8221;4_4&#8243; _builder_version=&#8221;4.27.4&#8243; _module_preset=&#8221;default&#8221; global_colors_info=&#8221;{}&#8221;][\/et_pb_column][\/et_pb_row][\/et_pb_section][et_pb_section fb_built=&#8221;1&#8243; disabled_on=&#8221;off|off|off&#8221; _builder_version=&#8221;4.27.4&#8243; _module_preset=&#8221;default&#8221; background_color=&#8221;#012353&#8243; min_height=&#8221;291.2px&#8221; custom_margin=&#8221;||2px||false|false&#8221; custom_padding=&#8221;20px||2px||false|false&#8221; global_colors_info=&#8221;{}&#8221;][et_pb_row column_structure=&#8221;1_3,1_3,1_3&#8243; _builder_version=&#8221;4.27.4&#8243; _module_preset=&#8221;default&#8221; min_height=&#8221;258.2px&#8221; custom_margin=&#8221;-12px|auto|4px|auto||&#8221; custom_padding=&#8221;67px||31px|||&#8221; global_colors_info=&#8221;{}&#8221;][et_pb_column type=&#8221;1_3&#8243; _builder_version=&#8221;4.27.4&#8243; _module_preset=&#8221;default&#8221; global_colors_info=&#8221;{}&#8221;][et_pb_image src=&#8221;https:\/\/punazvicer.com\/wp-content\/uploads\/2025\/11\/IMG_4518.jpg&#8221; title_text=&#8221;IMG_4518&#8243; align=&#8221;center&#8221; _builder_version=&#8221;4.27.4&#8243; _module_preset=&#8221;default&#8221; width=&#8221;100%&#8221; max_width=&#8221;65%&#8221; module_alignment=&#8221;center&#8221; max_height=&#8221;1000px&#8221; custom_margin=&#8221;2px|||||&#8221; border_radii=&#8221;on|20px|20px|20px|20px&#8221; box_shadow_style=&#8221;preset3&#8243; box_shadow_color=&#8221;#FFFFFF&#8221; global_colors_info=&#8221;{}&#8221;][\/et_pb_image][\/et_pb_column][et_pb_column type=&#8221;1_3&#8243; _builder_version=&#8221;4.27.4&#8243; _module_preset=&#8221;default&#8221; global_colors_info=&#8221;{}&#8221;][et_pb_text _builder_version=&#8221;4.27.4&#8243; _module_preset=&#8221;default&#8221; header_3_font=&#8221;&#8211;et_global_heading_font||||||||&#8221; header_3_text_color=&#8221;#FFFFFF&#8221; custom_margin=&#8221;1px||||false|false&#8221; global_colors_info=&#8221;{}&#8221;]<\/p>\n<h3 style=\"text-align: center;\"><a href=\"https:\/\/punazvicer.com\/\">Kreu<\/a><\/h3>\n<h3 style=\"text-align: center;\"><a href=\"https:\/\/punazvicer.com\/rreth-nesh\/\">Rreth Nesh<\/a><\/h3>\n<h3 style=\"text-align: center;\"><a href=\"https:\/\/punazvicer.com\/kontakte\/\">Kontakte<\/a><\/h3>\n<h3 style=\"text-align: center;\"><a href=\"https:\/\/punazvicer.com\/termat-dhe-kushtet\/\">Termat dhe Kushtet<\/a><\/h3>\n<h3 style=\"text-align: center;\"><a href=\"https:\/\/punazvicer.com\/si-funksionon\/\">Si Funksionon?<\/a><\/h3>\n<p>[\/et_pb_text][\/et_pb_column][et_pb_column type=&#8221;1_3&#8243; _builder_version=&#8221;4.27.4&#8243; _module_preset=&#8221;default&#8221; global_colors_info=&#8221;{}&#8221;][et_pb_text disabled_on=&#8221;on|on|off&#8221; _builder_version=&#8221;4.27.4&#8243; _module_preset=&#8221;default&#8221; header_3_font=&#8221;&#8211;et_global_heading_font||||||||&#8221; header_3_text_color=&#8221;#FFFFFF&#8221; header_4_font=&#8221;&#8211;et_global_heading_font||||||||&#8221; header_4_text_color=&#8221;#FFFFFF&#8221; text_orientation=&#8221;center&#8221; custom_margin=&#8221;|||37px||&#8221; global_colors_info=&#8221;{}&#8221;]<\/p>\n<h4 style=\"text-align: left;\"><span><img loading=\"lazy\" decoding=\"async\" src=\"https:\/\/punazvicer.com\/wp-content\/uploads\/2025\/11\/clock.png\" width=\"37\" height=\"37\" alt=\"\" class=\"wp-image-1042 alignnone size-full\" \/> Support 24 or\u00eb!<\/span><\/h4>\n<p>[\/et_pb_text][et_pb_text disabled_on=&#8221;on|on|off&#8221; _builder_version=&#8221;4.27.4&#8243; _module_preset=&#8221;default&#8221; header_3_font=&#8221;&#8211;et_global_heading_font||||||||&#8221; header_3_text_color=&#8221;#FFFFFF&#8221; header_4_font=&#8221;&#8211;et_global_heading_font||||||||&#8221; header_4_text_color=&#8221;#FFFFFF&#8221; text_orientation=&#8221;center&#8221; custom_margin=&#8221;|||0px||&#8221; custom_padding=&#8221;|||36px||&#8221; global_colors_info=&#8221;{}&#8221;]<\/p>\n<h4 style=\"text-align: left;\"><span><img loading=\"lazy\" decoding=\"async\" src=\"https:\/\/punazvicer.com\/wp-content\/uploads\/2025\/11\/navigation.png\" width=\"43\" height=\"43\" alt=\"\" class=\"wp-image-80 alignnone size-full\" srcset=\"https:\/\/punazvicer.com\/wp-content\/uploads\/2025\/11\/navigation.png 256w, https:\/\/punazvicer.com\/wp-content\/uploads\/2025\/11\/navigation-150x150.png 150w, https:\/\/punazvicer.com\/wp-content\/uploads\/2025\/11\/navigation-100x100.png 100w, https:\/\/punazvicer.com\/wp-content\/uploads\/2025\/11\/navigation-12x12.png 12w\" sizes=\"(max-width: 43px) 100vw, 43px\" \/>Tirane, Albania<\/span><\/h4>\n<p>[\/et_pb_text][et_pb_text disabled_on=&#8221;off|off|on&#8221; _builder_version=&#8221;4.27.4&#8243; _module_preset=&#8221;default&#8221; header_3_font=&#8221;&#8211;et_global_heading_font||||||||&#8221; header_3_text_color=&#8221;#FFFFFF&#8221; header_4_font=&#8221;&#8211;et_global_heading_font||||||||&#8221; header_4_text_color=&#8221;#FFFFFF&#8221; text_orientation=&#8221;center&#8221; custom_margin=&#8221;||||false|false&#8221; custom_padding=&#8221;|||78px||&#8221; global_colors_info=&#8221;{}&#8221;]<\/p>\n<h4 style=\"text-align: left;\"><span><img loading=\"lazy\" decoding=\"async\" src=\"https:\/\/punazvicer.com\/wp-content\/uploads\/2025\/11\/clock.png\" width=\"37\" height=\"37\" alt=\"\" class=\"wp-image-1042 alignnone size-full\" \/> Support 24 or\u00eb!<\/span><\/h4>\n<p>[\/et_pb_text][et_pb_text disabled_on=&#8221;off|off|on&#8221; _builder_version=&#8221;4.27.4&#8243; _module_preset=&#8221;default&#8221; header_3_font=&#8221;&#8211;et_global_heading_font||||||||&#8221; header_3_text_color=&#8221;#FFFFFF&#8221; header_4_font=&#8221;&#8211;et_global_heading_font||||||||&#8221; header_4_text_color=&#8221;#FFFFFF&#8221; text_orientation=&#8221;center&#8221; custom_margin=&#8221;||||false|false&#8221; custom_padding=&#8221;|||75px||&#8221; global_colors_info=&#8221;{}&#8221;]<\/p>\n<h4 style=\"text-align: left;\"><span><img loading=\"lazy\" decoding=\"async\" src=\"https:\/\/punazvicer.com\/wp-content\/uploads\/2025\/11\/navigation.png\" width=\"42\" height=\"42\" alt=\"\" class=\"wp-image-80 alignnone size-full\" srcset=\"https:\/\/punazvicer.com\/wp-content\/uploads\/2025\/11\/navigation.png 256w, https:\/\/punazvicer.com\/wp-content\/uploads\/2025\/11\/navigation-150x150.png 150w, https:\/\/punazvicer.com\/wp-content\/uploads\/2025\/11\/navigation-100x100.png 100w, https:\/\/punazvicer.com\/wp-content\/uploads\/2025\/11\/navigation-12x12.png 12w\" sizes=\"(max-width: 42px) 100vw, 42px\" \/>Tirane, Albania<\/span><\/h4>\n<p>[\/et_pb_text][\/et_pb_column][\/et_pb_row][\/et_pb_section]<\/p>\n","protected":false},"excerpt":{"rendered":"<p>SI FUNKSIONON KY SISTEM ? &nbsp; \u2460 Krijo NjoftiminPlot\u00ebsoni formularin me detajet e pun\u00ebs q\u00eb ofroni (pozicioni, orari, vendndodhja, k\u00ebrkesat,..). Proces i thjesht\u00eb dhe i shpejt\u00eb. \u2461 Paguaj Tarif\u00ebn e PublikimitPas p\u00ebrfundimit t\u00eb njoftimit, b\u00ebni pages\u00ebn p\u00ebr ta publikuar.Pagesa kryhet online dhe \u00ebsht\u00eb plot\u00ebsisht e sigurt. \u2462 Publikimi i Menj\u00ebhersh\u00ebmNjoftimi juaj shfaqet menj\u00ebher\u00eb n\u00eb portal [&hellip;]<\/p>\n","protected":false},"author":1,"featured_media":0,"parent":0,"menu_order":0,"comment_status":"closed","ping_status":"closed","template":"","meta":{"_et_pb_use_builder":"on","_et_pb_old_content":"<!-- wp:divi\/placeholder \/-->","_et_gb_content_width":"","_joinchat":[],"footnotes":""},"class_list":["post-2040","page","type-page","status-publish","hentry"],"aioseo_notices":[],"_links":{"self":[{"href":"https:\/\/punazvicer.com\/en\/wp-json\/wp\/v2\/pages\/2040","targetHints":{"allow":["GET"]}}],"collection":[{"href":"https:\/\/punazvicer.com\/en\/wp-json\/wp\/v2\/pages"}],"about":[{"href":"https:\/\/punazvicer.com\/en\/wp-json\/wp\/v2\/types\/page"}],"author":[{"embeddable":true,"href":"https:\/\/punazvicer.com\/en\/wp-json\/wp\/v2\/users\/1"}],"replies":[{"embeddable":true,"href":"https:\/\/punazvicer.com\/en\/wp-json\/wp\/v2\/comments?post=2040"}],"version-history":[{"count":5,"href":"https:\/\/punazvicer.com\/en\/wp-json\/wp\/v2\/pages\/2040\/revisions"}],"predecessor-version":[{"id":2222,"href":"https:\/\/punazvicer.com\/en\/wp-json\/wp\/v2\/pages\/2040\/revisions\/2222"}],"wp:attachment":[{"href":"https:\/\/punazvicer.com\/en\/wp-json\/wp\/v2\/media?parent=2040"}],"curies":[{"name":"wp","href":"https:\/\/api.w.org\/{rel}","templated":true}]}}