{"id":26,"date":"2025-11-21T10:11:42","date_gmt":"2025-11-21T10:11:42","guid":{"rendered":"https:\/\/punazvicer.com\/?page_id=26"},"modified":"2025-12-13T18:03:04","modified_gmt":"2025-12-13T18:03:04","slug":"rreth-nesh","status":"publish","type":"page","link":"https:\/\/punazvicer.com\/en\/rreth-nesh\/","title":{"rendered":"About Us"},"content":{"rendered":"<p>[et_pb_section fb_built=&#8221;1&#8243; _builder_version=&#8221;4.27.4&#8243; _module_preset=&#8221;default&#8221; custom_padding=&#8221;75px||||false|false&#8221; top_divider_style=&#8221;wave&#8221; top_divider_color=&#8221;#012353&#8243; top_divider_height=&#8221;61px&#8221; top_divider_repeat=&#8221;1x&#8221; global_colors_info=&#8221;{}&#8221;][et_pb_row column_structure=&#8221;1_2,1_2&#8243; _builder_version=&#8221;4.27.4&#8243; _module_preset=&#8221;default&#8221; custom_margin=&#8221;|auto|44px|auto|false|false&#8221; custom_padding=&#8221;28px||3px|||&#8221; global_colors_info=&#8221;{}&#8221;][et_pb_column type=&#8221;1_2&#8243; _builder_version=&#8221;4.27.4&#8243; _module_preset=&#8221;default&#8221; global_colors_info=&#8221;{}&#8221;][et_pb_image src=&#8221;https:\/\/punazvicer.com\/wp-content\/uploads\/2025\/11\/job-3790033_1920.jpg&#8221; title_text=&#8221;job-3790033_1920&#8243; _builder_version=&#8221;4.27.4&#8243; _module_preset=&#8221;default&#8221; custom_margin=&#8221;||||false|false&#8221; custom_padding=&#8221;||||false|false&#8221; box_shadow_style=&#8221;preset2&#8243; box_shadow_horizontal=&#8221;-15px&#8221; box_shadow_vertical=&#8221;-15px&#8221; box_shadow_blur=&#8221;14px&#8221; box_shadow_color=&#8221;rgba(1,35,83,0.71)&#8221; global_colors_info=&#8221;{}&#8221;][\/et_pb_image][\/et_pb_column][et_pb_column type=&#8221;1_2&#8243; _builder_version=&#8221;4.27.4&#8243; _module_preset=&#8221;default&#8221; global_colors_info=&#8221;{}&#8221;][et_pb_video _builder_version=&#8221;4.27.4&#8243; _module_preset=&#8221;default&#8221; custom_margin=&#8221;||-10px|||&#8221; custom_padding=&#8221;0px|||||&#8221; global_colors_info=&#8221;{}&#8221;][\/et_pb_video][et_pb_text _builder_version=&#8221;4.27.4&#8243; _module_preset=&#8221;default&#8221; text_font=&#8221;&#8211;et_global_heading_font||||||||&#8221; text_text_color=&#8221;rgba(38,38,38,0.75)&#8221; text_font_size=&#8221;17px&#8221; header_2_font=&#8221;&#8211;et_global_heading_font||||||||&#8221; custom_padding=&#8221;29px|||||&#8221; global_colors_info=&#8221;{}&#8221;]<\/p>\n<h2 style=\"text-align: justify;\">Rreth nesh<\/h2>\n<p data-start=\"135\" data-end=\"423\" style=\"text-align: justify;\"><strong>PunaZvicer.com<\/strong> \u00ebsht\u00eb nj\u00eb portal pun\u00ebsimi q\u00eb lidh pun\u00ebdh\u00ebn\u00ebsit n\u00eb Zvic\u00ebr dhe Evrop\u00eb me pun\u00ebk\u00ebrkues shqiptar\u00eb.Ne ofrojm\u00eb nj\u00eb platform\u00eb t\u00eb thjesht\u00eb dhe t\u00eb sigurt ku bizneset dhe familjet mund t\u00eb gjejn\u00eb pun\u00ebtor\u00eb t\u00eb besuesh\u00ebm, nd\u00ebrsa pun\u00ebk\u00ebrkuesit mund t\u00eb aksesojn\u00eb mund\u00ebsi t\u00eb shumta pun\u00ebsimi jasht\u00eb vendit.<\/p>\n<p data-start=\"135\" data-end=\"423\" style=\"text-align: justify;\"><strong>Misioni yn\u00eb<\/strong> \u00ebsht\u00eb t\u00eb krijojm\u00eb nj\u00eb ur\u00eb bashk\u00ebpunimi t\u00eb shpejt\u00eb, t\u00eb drejt\u00eb dhe profesionale mes dy pal\u00ebve.Vizioni yn\u00eb \u00ebsht\u00eb t\u00eb b\u00ebhemi pika kryesore e lidhjes mes tregut t\u00eb pun\u00ebs n\u00eb Zvic\u00ebr dhe forc\u00ebs pun\u00ebtore shqiptare. Ne besojm\u00eb n\u00eb integritetin, besueshm\u00ebrin\u00eb dhe bashk\u00ebpunimin afatgjat\u00eb me \u00e7do p\u00ebrdorues t\u00eb platform\u00ebs.<\/p>\n<p>[\/et_pb_text][\/et_pb_column][\/et_pb_row][et_pb_row disabled_on=&#8221;on|on|off&#8221; _builder_version=&#8221;4.27.4&#8243; _module_preset=&#8221;default&#8221; custom_margin=&#8221;|auto|51px|auto||&#8221; custom_padding=&#8221;3px||4px|||&#8221; global_colors_info=&#8221;{}&#8221;][et_pb_column type=&#8221;4_4&#8243; _builder_version=&#8221;4.27.4&#8243; _module_preset=&#8221;default&#8221; global_colors_info=&#8221;{}&#8221;][et_pb_image src=&#8221;https:\/\/punazvicer.com\/wp-content\/uploads\/2025\/11\/logopreretop.png&#8221; title_text=&#8221;logopreretop&#8221; align=&#8221;center&#8221; _builder_version=&#8221;4.27.4&#8243; _module_preset=&#8221;default&#8221; width=&#8221;11%&#8221; global_colors_info=&#8221;{}&#8221;][\/et_pb_image][\/et_pb_column][\/et_pb_row][et_pb_row disabled_on=&#8221;off|off|on&#8221; _builder_version=&#8221;4.27.4&#8243; _module_preset=&#8221;default&#8221; custom_margin=&#8221;|auto|3px|auto||&#8221; custom_padding=&#8221;3px||4px|||&#8221; global_colors_info=&#8221;{}&#8221;][et_pb_column type=&#8221;4_4&#8243; _builder_version=&#8221;4.27.4&#8243; _module_preset=&#8221;default&#8221; global_colors_info=&#8221;{}&#8221;][et_pb_image src=&#8221;https:\/\/punazvicer.com\/wp-content\/uploads\/2025\/11\/logopreretop.png&#8221; title_text=&#8221;logopreretop&#8221; align=&#8221;center&#8221; _builder_version=&#8221;4.27.4&#8243; _module_preset=&#8221;default&#8221; width=&#8221;11%&#8221; max_width=&#8221;46%&#8221; global_colors_info=&#8221;{}&#8221;][\/et_pb_image][\/et_pb_column][\/et_pb_row][et_pb_row column_structure=&#8221;1_2,1_2&#8243; _builder_version=&#8221;4.27.4&#8243; _module_preset=&#8221;default&#8221; custom_padding=&#8221;6px||8px|||&#8221; global_colors_info=&#8221;{}&#8221;][et_pb_column type=&#8221;1_2&#8243; _builder_version=&#8221;4.27.4&#8243; _module_preset=&#8221;default&#8221; global_colors_info=&#8221;{}&#8221;][et_pb_text _builder_version=&#8221;4.27.4&#8243; _module_preset=&#8221;default&#8221; text_font=&#8221;&#8211;et_global_heading_font||||||||&#8221; text_text_color=&#8221;rgba(38,38,38,0.75)&#8221; text_font_size=&#8221;17px&#8221; header_2_font=&#8221;&#8211;et_global_heading_font||||||||&#8221; custom_padding=&#8221;13px|||||&#8221; global_colors_info=&#8221;{}&#8221;]<\/p>\n<p data-start=\"72\" data-end=\"361\" style=\"text-align: justify;\">PunaZvicer.com synon t\u00eb thjeshtoj\u00eb procesin e rekrutimit duke ofruar sh\u00ebrbime efikase, transparente dhe t\u00eb aksesueshme p\u00ebr t\u00eb gjith\u00eb. P\u00ebrmes platform\u00ebs son\u00eb, pun\u00ebdh\u00ebn\u00ebsit mund t\u00eb publikojn\u00eb njoftime pune, t\u00eb menaxhojn\u00eb aplikimet dhe t\u00eb gjejn\u00eb kandidat\u00eb t\u00eb kualifikuar m\u00eb shpejt se kurr\u00eb.<\/p>\n<p data-start=\"363\" data-end=\"723\" style=\"text-align: justify;\">Nga ana tjet\u00ebr, pun\u00ebk\u00ebrkuesit shqiptar\u00eb p\u00ebrfitojn\u00eb nga nj\u00eb gam\u00eb e gjer\u00eb ofertash pune n\u00eb sektor\u00eb t\u00eb ndrysh\u00ebm si kujdesi sh\u00ebndet\u00ebsor, nd\u00ebrtimi, hoteleria, pastrimi, teknologjia dhe shum\u00eb t\u00eb tjer\u00eb. Me nj\u00eb proces aplikimi t\u00eb thjeshtuar dhe informacione t\u00eb qarta, ne i ndihmojm\u00eb kandidat\u00ebt t\u00eb nd\u00ebrmarrin hapat e par\u00eb drejt nj\u00eb karriere t\u00eb suksesshme jasht\u00eb vendit.<\/p>\n<p>[\/et_pb_text][\/et_pb_column][et_pb_column type=&#8221;1_2&#8243; _builder_version=&#8221;4.27.4&#8243; _module_preset=&#8221;default&#8221; global_colors_info=&#8221;{}&#8221;][et_pb_video _builder_version=&#8221;4.27.4&#8243; _module_preset=&#8221;default&#8221; custom_margin=&#8221;||-10px|||&#8221; custom_padding=&#8221;0px|||||&#8221; global_colors_info=&#8221;{}&#8221;][\/et_pb_video][et_pb_image src=&#8221;https:\/\/punazvicer.com\/wp-content\/uploads\/2025\/11\/dream-job-4453054_1280.jpg&#8221; title_text=&#8221;dream-job-4453054_1280&#8243; _builder_version=&#8221;4.27.4&#8243; _module_preset=&#8221;default&#8221; custom_margin=&#8221;||||false|false&#8221; custom_padding=&#8221;||||false|false&#8221; box_shadow_style=&#8221;preset2&#8243; box_shadow_horizontal=&#8221;15px&#8221; box_shadow_vertical=&#8221;15px&#8221; box_shadow_blur=&#8221;14px&#8221; box_shadow_color=&#8221;rgba(1,35,83,0.71)&#8221; global_colors_info=&#8221;{}&#8221;][\/et_pb_image][\/et_pb_column][\/et_pb_row][\/et_pb_section][et_pb_section fb_built=&#8221;1&#8243; next_background_color=&#8221;#012353&#8243; _builder_version=&#8221;4.27.4&#8243; _module_preset=&#8221;default&#8221; custom_padding=&#8221;0px||6px|||&#8221; bottom_divider_style=&#8221;curve&#8221; global_colors_info=&#8221;{}&#8221;][et_pb_row _builder_version=&#8221;4.27.4&#8243; _module_preset=&#8221;default&#8221; custom_padding=&#8221;0px||0px|||&#8221; global_colors_info=&#8221;{}&#8221;][et_pb_column type=&#8221;4_4&#8243; _builder_version=&#8221;4.27.4&#8243; _module_preset=&#8221;default&#8221; global_colors_info=&#8221;{}&#8221;][\/et_pb_column][\/et_pb_row][\/et_pb_section][et_pb_section fb_built=&#8221;1&#8243; disabled_on=&#8221;off|off|off&#8221; _builder_version=&#8221;4.27.4&#8243; _module_preset=&#8221;default&#8221; background_color=&#8221;#012353&#8243; min_height=&#8221;291.2px&#8221; custom_margin=&#8221;||2px||false|false&#8221; custom_padding=&#8221;20px||2px||false|false&#8221; global_colors_info=&#8221;{}&#8221;][et_pb_row column_structure=&#8221;1_3,1_3,1_3&#8243; _builder_version=&#8221;4.27.4&#8243; _module_preset=&#8221;default&#8221; min_height=&#8221;258.2px&#8221; custom_margin=&#8221;-12px|auto|4px|auto||&#8221; custom_padding=&#8221;67px||31px|||&#8221; global_colors_info=&#8221;{}&#8221;][et_pb_column type=&#8221;1_3&#8243; _builder_version=&#8221;4.27.4&#8243; _module_preset=&#8221;default&#8221; global_colors_info=&#8221;{}&#8221;][et_pb_image src=&#8221;https:\/\/punazvicer.com\/wp-content\/uploads\/2025\/11\/IMG_4518.jpg&#8221; title_text=&#8221;IMG_4518&#8243; align=&#8221;center&#8221; _builder_version=&#8221;4.27.4&#8243; _module_preset=&#8221;default&#8221; width=&#8221;100%&#8221; max_width=&#8221;65%&#8221; module_alignment=&#8221;center&#8221; max_height=&#8221;1000px&#8221; custom_margin=&#8221;2px|||||&#8221; border_radii=&#8221;on|20px|20px|20px|20px&#8221; box_shadow_style=&#8221;preset3&#8243; box_shadow_color=&#8221;#FFFFFF&#8221; global_colors_info=&#8221;{}&#8221;][\/et_pb_image][\/et_pb_column][et_pb_column type=&#8221;1_3&#8243; _builder_version=&#8221;4.27.4&#8243; _module_preset=&#8221;default&#8221; global_colors_info=&#8221;{}&#8221;][et_pb_text _builder_version=&#8221;4.27.4&#8243; _module_preset=&#8221;default&#8221; header_3_font=&#8221;&#8211;et_global_heading_font||||||||&#8221; header_3_text_color=&#8221;#FFFFFF&#8221; custom_margin=&#8221;-1px||||false|false&#8221; global_colors_info=&#8221;{}&#8221;]<\/p>\n<h3 style=\"text-align: center;\"><a href=\"https:\/\/punazvicer.com\/\">Kreu<\/a><\/h3>\n<h3 style=\"text-align: center;\"><a href=\"https:\/\/punazvicer.com\/rreth-nesh\/\">Rreth Nesh<\/a><\/h3>\n<h3 style=\"text-align: center;\"><a href=\"https:\/\/punazvicer.com\/kontakte\/\">Kontakte<\/a><\/h3>\n<h3 style=\"text-align: center;\"><a href=\"https:\/\/punazvicer.com\/termat-dhe-kushtet\/\">Termat dhe Kushtet<\/a><\/h3>\n<h3 style=\"text-align: center;\"><a href=\"https:\/\/punazvicer.com\/si-funksionon\/\">Si Funksionon?<\/a><\/h3>\n<p>[\/et_pb_text][\/et_pb_column][et_pb_column type=&#8221;1_3&#8243; _builder_version=&#8221;4.27.4&#8243; _module_preset=&#8221;default&#8221; global_colors_info=&#8221;{}&#8221;][et_pb_text disabled_on=&#8221;on|on|off&#8221; _builder_version=&#8221;4.27.4&#8243; _module_preset=&#8221;default&#8221; header_3_font=&#8221;&#8211;et_global_heading_font||||||||&#8221; header_3_text_color=&#8221;#FFFFFF&#8221; header_4_font=&#8221;&#8211;et_global_heading_font||||||||&#8221; header_4_text_color=&#8221;#FFFFFF&#8221; text_orientation=&#8221;center&#8221; custom_margin=&#8221;|||37px||&#8221; global_colors_info=&#8221;{}&#8221;]<\/p>\n<h4 style=\"text-align: left;\"><span><img loading=\"lazy\" decoding=\"async\" src=\"https:\/\/punazvicer.com\/wp-content\/uploads\/2025\/11\/clock.png\" width=\"37\" height=\"37\" alt=\"\" class=\"wp-image-1042 alignnone size-full\" \/> Support 24 or\u00eb!<\/span><\/h4>\n<p>[\/et_pb_text][et_pb_text disabled_on=&#8221;on|on|off&#8221; _builder_version=&#8221;4.27.4&#8243; _module_preset=&#8221;default&#8221; header_3_font=&#8221;&#8211;et_global_heading_font||||||||&#8221; header_3_text_color=&#8221;#FFFFFF&#8221; header_4_font=&#8221;&#8211;et_global_heading_font||||||||&#8221; header_4_text_color=&#8221;#FFFFFF&#8221; text_orientation=&#8221;center&#8221; custom_margin=&#8221;|||0px||&#8221; custom_padding=&#8221;|||36px||&#8221; global_colors_info=&#8221;{}&#8221;]<\/p>\n<h4 style=\"text-align: left;\"><span><img loading=\"lazy\" decoding=\"async\" src=\"https:\/\/punazvicer.com\/wp-content\/uploads\/2025\/11\/navigation.png\" width=\"43\" height=\"43\" alt=\"\" class=\"wp-image-80 alignnone size-full\" srcset=\"https:\/\/punazvicer.com\/wp-content\/uploads\/2025\/11\/navigation.png 256w, https:\/\/punazvicer.com\/wp-content\/uploads\/2025\/11\/navigation-150x150.png 150w, https:\/\/punazvicer.com\/wp-content\/uploads\/2025\/11\/navigation-100x100.png 100w, https:\/\/punazvicer.com\/wp-content\/uploads\/2025\/11\/navigation-12x12.png 12w\" sizes=\"(max-width: 43px) 100vw, 43px\" \/>Tirane, Albania<\/span><\/h4>\n<p>[\/et_pb_text][et_pb_text disabled_on=&#8221;off|off|on&#8221; _builder_version=&#8221;4.27.4&#8243; _module_preset=&#8221;default&#8221; header_3_font=&#8221;&#8211;et_global_heading_font||||||||&#8221; header_3_text_color=&#8221;#FFFFFF&#8221; header_4_font=&#8221;&#8211;et_global_heading_font||||||||&#8221; header_4_text_color=&#8221;#FFFFFF&#8221; text_orientation=&#8221;center&#8221; custom_margin=&#8221;||||false|false&#8221; custom_padding=&#8221;|||78px||&#8221; global_colors_info=&#8221;{}&#8221;]<\/p>\n<h4 style=\"text-align: left;\"><span><img loading=\"lazy\" decoding=\"async\" src=\"https:\/\/punazvicer.com\/wp-content\/uploads\/2025\/11\/clock.png\" width=\"37\" height=\"37\" alt=\"\" class=\"wp-image-1042 alignnone size-full\" \/> Support 24 or\u00eb!<\/span><\/h4>\n<p>[\/et_pb_text][et_pb_text disabled_on=&#8221;off|off|on&#8221; _builder_version=&#8221;4.27.4&#8243; _module_preset=&#8221;default&#8221; header_3_font=&#8221;&#8211;et_global_heading_font||||||||&#8221; header_3_text_color=&#8221;#FFFFFF&#8221; header_4_font=&#8221;&#8211;et_global_heading_font||||||||&#8221; header_4_text_color=&#8221;#FFFFFF&#8221; text_orientation=&#8221;center&#8221; custom_margin=&#8221;||||false|false&#8221; custom_padding=&#8221;|||75px||&#8221; global_colors_info=&#8221;{}&#8221;]<\/p>\n<h4 style=\"text-align: left;\"><span><img loading=\"lazy\" decoding=\"async\" src=\"https:\/\/punazvicer.com\/wp-content\/uploads\/2025\/11\/navigation.png\" width=\"42\" height=\"42\" alt=\"\" class=\"wp-image-80 alignnone size-full\" srcset=\"https:\/\/punazvicer.com\/wp-content\/uploads\/2025\/11\/navigation.png 256w, https:\/\/punazvicer.com\/wp-content\/uploads\/2025\/11\/navigation-150x150.png 150w, https:\/\/punazvicer.com\/wp-content\/uploads\/2025\/11\/navigation-100x100.png 100w, https:\/\/punazvicer.com\/wp-content\/uploads\/2025\/11\/navigation-12x12.png 12w\" sizes=\"(max-width: 42px) 100vw, 42px\" \/>Tirane, Albania<\/span><\/h4>\n<p>[\/et_pb_text][\/et_pb_column][\/et_pb_row][\/et_pb_section]<\/p>\n","protected":false},"excerpt":{"rendered":"<p>Rreth nesh PunaZvicer.com \u00ebsht\u00eb nj\u00eb portal pun\u00ebsimi q\u00eb lidh pun\u00ebdh\u00ebn\u00ebsit n\u00eb Zvic\u00ebr dhe Evrop\u00eb me pun\u00ebk\u00ebrkues shqiptar\u00eb.Ne ofrojm\u00eb nj\u00eb platform\u00eb t\u00eb thjesht\u00eb dhe t\u00eb sigurt ku bizneset dhe familjet mund t\u00eb gjejn\u00eb pun\u00ebtor\u00eb t\u00eb besuesh\u00ebm, nd\u00ebrsa pun\u00ebk\u00ebrkuesit mund t\u00eb aksesojn\u00eb mund\u00ebsi t\u00eb shumta pun\u00ebsimi jasht\u00eb vendit. Misioni yn\u00eb \u00ebsht\u00eb t\u00eb krijojm\u00eb nj\u00eb ur\u00eb bashk\u00ebpunimi t\u00eb [&hellip;]<\/p>\n","protected":false},"author":1,"featured_media":0,"parent":0,"menu_order":0,"comment_status":"closed","ping_status":"closed","template":"","meta":{"_et_pb_use_builder":"on","_et_pb_old_content":"<!-- wp:divi\/placeholder \/-->","_et_gb_content_width":"","_joinchat":[],"footnotes":""},"class_list":["post-26","page","type-page","status-publish","hentry"],"aioseo_notices":[],"_links":{"self":[{"href":"https:\/\/punazvicer.com\/en\/wp-json\/wp\/v2\/pages\/26","targetHints":{"allow":["GET"]}}],"collection":[{"href":"https:\/\/punazvicer.com\/en\/wp-json\/wp\/v2\/pages"}],"about":[{"href":"https:\/\/punazvicer.com\/en\/wp-json\/wp\/v2\/types\/page"}],"author":[{"embeddable":true,"href":"https:\/\/punazvicer.com\/en\/wp-json\/wp\/v2\/users\/1"}],"replies":[{"embeddable":true,"href":"https:\/\/punazvicer.com\/en\/wp-json\/wp\/v2\/comments?post=26"}],"version-history":[{"count":22,"href":"https:\/\/punazvicer.com\/en\/wp-json\/wp\/v2\/pages\/26\/revisions"}],"predecessor-version":[{"id":2216,"href":"https:\/\/punazvicer.com\/en\/wp-json\/wp\/v2\/pages\/26\/revisions\/2216"}],"wp:attachment":[{"href":"https:\/\/punazvicer.com\/en\/wp-json\/wp\/v2\/media?parent=26"}],"curies":[{"name":"wp","href":"https:\/\/api.w.org\/{rel}","templated":true}]}}